{"id":29268,"date":"2024-02-12T15:47:57","date_gmt":"2024-02-12T15:47:57","guid":{"rendered":"https:\/\/theme-dev.cmsmasters.net\/dental-clone\/?page_id=29268"},"modified":"2025-03-09T02:37:11","modified_gmt":"2025-03-09T02:37:11","slug":"kontakt","status":"publish","type":"page","link":"https:\/\/drhakandemirel.com\/gr\/kontakt\/","title":{"rendered":"Kontakt"},"content":{"rendered":"\t\t<div data-elementor-type=\"wp-page\" data-elementor-id=\"29268\" class=\"elementor elementor-29268\">\n\t\t\t\t<div class=\"elementor-element elementor-element-4d2e8b1 e-con-full e-flex cmsmasters-block-default e-con e-parent\" data-id=\"4d2e8b1\" data-element_type=\"container\">\n\t\t<div class=\"elementor-element elementor-element-38aa80b e-con-full e-flex cmsmasters-bg-hide-none cmsmasters-bg-hide-none cmsmasters-block-default e-con e-child\" data-id=\"38aa80b\" data-element_type=\"container\" data-settings=\"{&quot;background_background&quot;:&quot;classic&quot;}\">\n\t\t\t\t<div class=\"elementor-element elementor-element-eff857f cmsmasters-block-default cmsmasters-sticky-default elementor-widget elementor-widget-spacer\" data-id=\"eff857f\" data-element_type=\"widget\" data-widget_type=\"spacer.default\">\n\t\t\t\t<div class=\"elementor-widget-container\">\n\t\t\t\t\t\t\t<div class=\"elementor-spacer\">\n\t\t\t<div class=\"elementor-spacer-inner\"><\/div>\n\t\t<\/div>\n\t\t\t\t\t\t<\/div>\n\t\t\t\t<\/div>\n\t\t\t\t<\/div>\n\t\t<div class=\"elementor-element elementor-element-4ce88f0 e-con-full e-flex cmsmasters-block-default e-con e-child\" data-id=\"4ce88f0\" data-element_type=\"container\" data-settings=\"{&quot;background_background&quot;:&quot;classic&quot;}\">\n\t\t\t\t<div class=\"elementor-element elementor-element-bf29937 cmsmasters-block-default cmsmasters-sticky-default elementor-widget elementor-widget-heading\" data-id=\"bf29937\" data-element_type=\"widget\" data-widget_type=\"heading.default\">\n\t\t\t\t<div class=\"elementor-widget-container\">\n\t\t\t\t\t<h6 class=\"elementor-heading-title elementor-size-default\">OP. DR. HAKAN DEM\u0130REL<\/h6>\t\t\t\t<\/div>\n\t\t\t\t<\/div>\n\t\t\t\t<div class=\"elementor-element elementor-element-4d7faf7 cmsmasters-block-default cmsmasters-sticky-default elementor-widget elementor-widget-heading\" data-id=\"4d7faf7\" data-element_type=\"widget\" data-widget_type=\"heading.default\">\n\t\t\t\t<div class=\"elementor-widget-container\">\n\t\t\t\t\t<h1 class=\"elementor-heading-title elementor-size-default\">\u0130leti\u015fime Ge\u00e7<\/h1>\t\t\t\t<\/div>\n\t\t\t\t<\/div>\n\t\t\t\t<div class=\"elementor-element elementor-element-ab22293 cmsmasters-block-default cmsmasters-sticky-default elementor-widget elementor-widget-text-editor\" data-id=\"ab22293\" data-element_type=\"widget\" data-widget_type=\"text-editor.default\">\n\t\t\t\t<div class=\"elementor-widget-container\">\n\t\t\t\t\t\t\t\t\t<p>Facharzt f\u00fcr \u00c4sthetische und Plastische Chirurgie Op. Dr. <br \/>Informieren Sie sich jetzt mit der Erfahrung und Bewerbungserfahrung von Hakan Demirel. <br \/>Unter den unten stehenden Kontaktdaten k\u00f6nnen Sie alle Fragen zu den Anwendungen stellen und Informationen und Termine erhalten.<\/p>\t\t\t\t\t\t\t\t<\/div>\n\t\t\t\t<\/div>\n\t\t<div class=\"elementor-element elementor-element-e428cd9 e-flex e-con-boxed cmsmasters-block-default e-con e-child\" data-id=\"e428cd9\" data-element_type=\"container\">\n\t\t\t\t\t<div class=\"e-con-inner\">\n\t\t\t\t<div class=\"elementor-element elementor-element-d04fc07 cmsmasters-block-default cmsmasters-sticky-default elementor-widget elementor-widget-button\" data-id=\"d04fc07\" data-element_type=\"widget\" data-widget_type=\"button.default\">\n\t\t\t\t<div class=\"elementor-widget-container\">\n\t\t\t\t\t\t\t\t\t<div class=\"elementor-button-wrapper\">\n\t\t\t\t\t<a class=\"elementor-button elementor-button-link elementor-size-sm\" href=\"#bookonline\">\n\t\t\t\t\t\t<span class=\"elementor-button-content-wrapper\">\n\t\t\t\t\t\t\t\t\t<span class=\"elementor-button-text\">rANDEVU<\/span>\n\t\t\t\t\t<\/span>\n\t\t\t\t\t<\/a>\n\t\t\t\t<\/div>\n\t\t\t\t\t\t\t\t<\/div>\n\t\t\t\t<\/div>\n\t\t\t\t<div class=\"elementor-element elementor-element-77c43c4 elementor-widget__width-initial elementor-widget-tablet__width-initial elementor-widget-mobile__width-auto elementor-hidden-mobile cmsmasters-block-default cmsmasters-sticky-default elementor-widget elementor-widget-text-editor\" data-id=\"77c43c4\" data-element_type=\"widget\" data-widget_type=\"text-editor.default\">\n\t\t\t\t<div class=\"elementor-widget-container\">\n\t\t\t\t\t\t\t\t\t\u2502\t\t\t\t\t\t\t\t<\/div>\n\t\t\t\t<\/div>\n\t\t\t\t<div class=\"elementor-element elementor-element-151ab8b cmsmasters-widget-align-left cmsmasters-widget-marker-view-stacked cmsmasters-widget-layout-row cmsmasters-widget-direction-default cmsmasters-widget-marker-element-icon cmsmasters-widget-marker-shape-circle cmsmasters-block-default cmsmasters-sticky-default elementor-widget elementor-widget-cmsmasters-icon-list cmsmasters-widget-icon-list\" data-id=\"151ab8b\" data-element_type=\"widget\" data-widget_type=\"cmsmasters-icon-list.default\">\n\t\t\t\t<div class=\"elementor-widget-container\">\n\t\t\t\t\t\t\t<ul class=\"cmsmasters-widget-icon-list-items\">\n\t\t\t\t\t\t\t<li class=\"cmsmasters-widget-icon-list-item active-icon-item active-link-item\">\n\t\t\t\t<a href=\"tel:05325107279\">\t\t\t\t<span class=\"cmsmasters-widget-icon-list-item-text-wrap\">\n\t\t\t\t\t\t\t\t\t\t\t<span class=\"cmsmasters-widget-icon-list-item-icon\">\n\t\t\t\t\t\t\t<span>\n\t\t\t\t\t\t\t\t\t\t\t\t\t\t\t\t\t<svg aria-hidden=\"true\" class=\"e-font-icon-svg e-fas-phone-alt\" viewBox=\"0 0 512 512\" xmlns=\"http:\/\/www.w3.org\/2000\/svg\"><path d=\"M497.39 361.8l-112-48a24 24 0 0 0-28 6.9l-49.6 60.6A370.66 370.66 0 0 1 130.6 204.11l60.6-49.6a23.94 23.94 0 0 0 6.9-28l-48-112A24.16 24.16 0 0 0 122.6.61l-104 24A24 24 0 0 0 0 48c0 256.5 207.9 464 464 464a24 24 0 0 0 23.4-18.6l24-104a24.29 24.29 0 0 0-14.01-27.6z\"><\/path><\/svg>\t\t\t\t\t\t\t\t\t\t\t\t\t\t\t<\/span>\n\t\t\t\t\t\t<\/span>\n\t\t\t\t\t\t\t\t\t\t<span class=\"cmsmasters-widget-icon-list-item-text-inner\">\n\t\t\t\t\t\t<span class=\"cmsmasters-widget-icon-list-item-text\">\n\t\t\t\t\t\t\t0532 510 72 79\t\t\t\t\t\t<\/span>\n\t\t\t\t\t\t\t\t\t\t\t<\/span>\n\t\t\t\t<\/span>\n\t\t\t\t<\/a>\t\t\t\t<\/li>\n\t\t\t\t\t<\/ul>\n\t\t\t\t\t\t<\/div>\n\t\t\t\t<\/div>\n\t\t\t\t\t<\/div>\n\t\t\t\t<\/div>\n\t\t\t\t<\/div>\n\t\t\t\t<\/div>\n\t\t<div class=\"elementor-element elementor-element-df3cedb e-flex e-con-boxed cmsmasters-block-default e-con e-parent\" data-id=\"df3cedb\" data-element_type=\"container\">\n\t\t\t\t\t<div class=\"e-con-inner\">\n\t\t<div class=\"elementor-element elementor-element-d254cba e-con-full e-flex cmsmasters-block-default e-con e-child\" data-id=\"d254cba\" data-element_type=\"container\">\n\t\t\t\t<div class=\"elementor-element elementor-element-3699747 elementor-widget__width-initial cmsmasters-block-default cmsmasters-sticky-default elementor-widget elementor-widget-heading\" data-id=\"3699747\" data-element_type=\"widget\" data-widget_type=\"heading.default\">\n\t\t\t\t<div class=\"elementor-widget-container\">\n\t\t\t\t\t<h2 class=\"elementor-heading-title elementor-size-default\">Kontakt Details<\/h2>\t\t\t\t<\/div>\n\t\t\t\t<\/div>\n\t\t\t\t<div class=\"elementor-element elementor-element-85b920c cmsmasters-block-default cmsmasters-sticky-default elementor-widget elementor-widget-heading\" data-id=\"85b920c\" data-element_type=\"widget\" data-widget_type=\"heading.default\">\n\t\t\t\t<div class=\"elementor-widget-container\">\n\t\t\t\t\t<p class=\"elementor-heading-title elementor-size-default\">Vielen Dank, dass Sie uns kontaktiert haben.<\/p>\t\t\t\t<\/div>\n\t\t\t\t<\/div>\n\t\t<div class=\"elementor-element elementor-element-7a0c919 e-con-full e-flex cmsmasters-block-default e-con e-child\" data-id=\"7a0c919\" data-element_type=\"container\">\n\t\t<div class=\"elementor-element elementor-element-c307887 e-con-full e-flex cmsmasters-block-default e-con e-child\" data-id=\"c307887\" data-element_type=\"container\">\n\t\t\t\t<div class=\"elementor-element elementor-element-67a839b cmsmasters-block-default cmsmasters-sticky-default elementor-widget elementor-widget-heading\" data-id=\"67a839b\" data-element_type=\"widget\" data-widget_type=\"heading.default\">\n\t\t\t\t<div class=\"elementor-widget-container\">\n\t\t\t\t\t<div class=\"elementor-heading-title elementor-size-default\">Adresse<\/div>\t\t\t\t<\/div>\n\t\t\t\t<\/div>\n\t\t\t\t<div class=\"elementor-element elementor-element-ba04bc3 cmsmasters-block-default cmsmasters-sticky-default elementor-widget elementor-widget-text-editor\" data-id=\"ba04bc3\" data-element_type=\"widget\" data-widget_type=\"text-editor.default\">\n\t\t\t\t<div class=\"elementor-widget-container\">\n\t\t\t\t\t\t\t\t\t<p>Varyap Meridian Grand Tower A Block Etage: 2 Wohnung: 32 Atasehir \/ Istanbul<\/p>\t\t\t\t\t\t\t\t<\/div>\n\t\t\t\t<\/div>\n\t\t\t\t<\/div>\n\t\t<div class=\"elementor-element elementor-element-14aac19 e-con-full e-flex cmsmasters-block-default e-con e-child\" data-id=\"14aac19\" data-element_type=\"container\">\n\t\t\t\t<div class=\"elementor-element elementor-element-cb5b38c cmsmasters-block-default cmsmasters-sticky-default elementor-widget elementor-widget-heading\" data-id=\"cb5b38c\" data-element_type=\"widget\" data-widget_type=\"heading.default\">\n\t\t\t\t<div class=\"elementor-widget-container\">\n\t\t\t\t\t<div class=\"elementor-heading-title elementor-size-default\">Post:<\/div>\t\t\t\t<\/div>\n\t\t\t\t<\/div>\n\t\t\t\t<div class=\"elementor-element elementor-element-0bffeda cmsmasters-block-default cmsmasters-sticky-default elementor-widget elementor-widget-text-editor\" data-id=\"0bffeda\" data-element_type=\"widget\" data-widget_type=\"text-editor.default\">\n\t\t\t\t<div class=\"elementor-widget-container\">\n\t\t\t\t\t\t\t\t\t<p>\u00a0info@drhakandemirel.com<\/p>\t\t\t\t\t\t\t\t<\/div>\n\t\t\t\t<\/div>\n\t\t\t\t<\/div>\n\t\t\t\t<\/div>\n\t\t\t\t<\/div>\n\t\t<div class=\"elementor-element elementor-element-6f4ead5 e-con-full e-flex cmsmasters-block-default e-con e-child\" data-id=\"6f4ead5\" data-element_type=\"container\">\n\t\t\t\t<div class=\"elementor-element elementor-element-79e23ed cmsmasters-block-default cmsmasters-sticky-default elementor-widget elementor-widget-google_maps\" data-id=\"79e23ed\" data-element_type=\"widget\" data-widget_type=\"google_maps.default\">\n\t\t\t\t<div class=\"elementor-widget-container\">\n\t\t\t\t\t\t\t<div class=\"elementor-custom-embed\">\n\t\t\t<iframe loading=\"lazy\"\n\t\t\t\t\tsrc=\"https:\/\/maps.google.com\/maps?q=Dr.%20Hakan%20Demirel%2C%20Varyap%20Meridian%20Grand%20Tower%20A%20Blok%20Kat%3A%202%20Daire%3A%2032%20Ata%C5%9Fehir%20%2F%20%C4%B0stanbul&#038;t=m&#038;z=15&#038;output=embed&#038;iwloc=near\"\n\t\t\t\t\ttitle=\"Dr. Hakan Demirel, Varyap Meridian Grand Tower A Blok Kat: 2 Daire: 32 Ata\u015fehir \/ \u0130stanbul\"\n\t\t\t\t\taria-label=\"Dr. Hakan Demirel, Varyap Meridian Grand Tower A Blok Kat: 2 Daire: 32 Ata\u015fehir \/ \u0130stanbul\"\n\t\t\t><\/iframe>\n\t\t<\/div>\n\t\t\t\t\t\t<\/div>\n\t\t\t\t<\/div>\n\t\t\t\t<\/div>\n\t\t\t\t\t<\/div>\n\t\t\t\t<\/div>\n\t\t<div class=\"elementor-element elementor-element-0b3efb4 e-flex e-con-boxed cmsmasters-block-default e-con e-parent\" data-id=\"0b3efb4\" data-element_type=\"container\" id=\"bookonline\">\n\t\t\t\t\t<div class=\"e-con-inner\">\n\t\t<div class=\"elementor-element elementor-element-19681d7 e-con-full e-flex cmsmasters-block-default e-con e-child\" data-id=\"19681d7\" data-element_type=\"container\">\n\t\t\t\t<div class=\"elementor-element elementor-element-380a5c5 cmsmasters-block-default cmsmasters-sticky-default elementor-widget elementor-widget-image\" data-id=\"380a5c5\" data-element_type=\"widget\" data-widget_type=\"image.default\">\n\t\t\t\t<div class=\"elementor-widget-container\">\n\t\t\t\t\t\t\t\t\t\t\t\t\t\t\t<img fetchpriority=\"high\" decoding=\"async\" width=\"1024\" height=\"1215\" src=\"https:\/\/drhakandemirel.com\/gr\/wp-content\/uploads\/2024\/02\/contacts-4-1-30x36.webp\" class=\"attachment-full size-full wp-image-29294 cmsmasters_img cmsmasters-lazyload lazyload\" alt=\"\" data-sizes=\"(max-width: 1024px) 100vw, 1024px\" data-src=\"https:\/\/drhakandemirel.com\/gr\/wp-content\/uploads\/2024\/02\/contacts-4-1.webp\" data-srcset=\"https:\/\/drhakandemirel.com\/gr\/wp-content\/uploads\/2024\/02\/contacts-4-1.webp 1024w, https:\/\/drhakandemirel.com\/gr\/wp-content\/uploads\/2024\/02\/contacts-4-1-253x300.webp 253w, https:\/\/drhakandemirel.com\/gr\/wp-content\/uploads\/2024\/02\/contacts-4-1-863x1024.webp 863w, https:\/\/drhakandemirel.com\/gr\/wp-content\/uploads\/2024\/02\/contacts-4-1-768x911.webp 768w, https:\/\/drhakandemirel.com\/gr\/wp-content\/uploads\/2024\/02\/contacts-4-1-600x712.webp 600w, https:\/\/drhakandemirel.com\/gr\/wp-content\/uploads\/2024\/02\/contacts-4-1-30x36.webp 30w, https:\/\/drhakandemirel.com\/gr\/wp-content\/uploads\/2024\/02\/contacts-4-1-8x10.webp 8w\" srcset=\"https:\/\/drhakandemirel.com\/gr\/wp-content\/uploads\/2024\/02\/contacts-4-1-30x36.webp 30w, https:\/\/drhakandemirel.com\/gr\/wp-content\/uploads\/2024\/02\/contacts-4-1-253x300.webp 253w, https:\/\/drhakandemirel.com\/gr\/wp-content\/uploads\/2024\/02\/contacts-4-1-863x1024.webp 863w, https:\/\/drhakandemirel.com\/gr\/wp-content\/uploads\/2024\/02\/contacts-4-1-768x911.webp 768w, https:\/\/drhakandemirel.com\/gr\/wp-content\/uploads\/2024\/02\/contacts-4-1-600x712.webp 600w, https:\/\/drhakandemirel.com\/gr\/wp-content\/uploads\/2024\/02\/contacts-4-1-8x10.webp 8w, https:\/\/drhakandemirel.com\/gr\/wp-content\/uploads\/2024\/02\/contacts-4-1.webp 1024w\" sizes=\"(max-width: 1024px) 100vw, 1024px\" \/>\t\t\t\t\t\t\t\t\t\t\t\t\t\t\t<\/div>\n\t\t\t\t<\/div>\n\t\t\t\t<\/div>\n\t\t<div class=\"elementor-element elementor-element-68cdb49 e-con-full e-flex cmsmasters-block-default e-con e-child\" data-id=\"68cdb49\" data-element_type=\"container\">\n\t\t\t\t<div class=\"elementor-element elementor-element-a3928fe cmsmasters-block-default cmsmasters-sticky-default elementor-widget elementor-widget-heading\" data-id=\"a3928fe\" data-element_type=\"widget\" data-widget_type=\"heading.default\">\n\t\t\t\t<div class=\"elementor-widget-container\">\n\t\t\t\t\t<h2 class=\"elementor-heading-title elementor-size-default\">Formular Kontakt<\/h2>\t\t\t\t<\/div>\n\t\t\t\t<\/div>\n\t\t\t\t<div class=\"elementor-element elementor-element-3363d9f cmsmasters-block-default cmsmasters-sticky-default elementor-widget elementor-widget-text-editor\" data-id=\"3363d9f\" data-element_type=\"widget\" data-widget_type=\"text-editor.default\">\n\t\t\t\t<div class=\"elementor-widget-container\">\n\t\t\t\t\t\t\t\t\t<div class=\"elementor-element elementor-element-e08d844 elementor-widget elementor-widget-heading\" data-id=\"e08d844\" data-element_type=\"widget\" data-widget_type=\"heading.default\"><div class=\"elementor-widget-container\"><p><strong>Stellen Sie eine Frage Lassen Sie uns sofort eine Bewertung vornehmen<br \/><br \/><\/strong><\/p><p>\u00a0<\/p><\/div><\/div><div class=\"elementor-element elementor-element-62a8796 elementor-widget elementor-widget-text-editor\" data-id=\"62a8796\" data-element_type=\"widget\" data-widget_type=\"text-editor.default\"><div class=\"elementor-widget-container\"><div class=\"elementor-text-editor elementor-clearfix\"><p>Jetzt Facharzt f\u00fcr \u00c4sthetische und Plastische Chirurgie Op. Dr. Sie k\u00f6nnen Hakan Demirel alle Fragen stellen, die Sie im Kopf haben und Informationen und Preise erhalten!<\/p><\/div><\/div><\/div>\t\t\t\t\t\t\t\t<\/div>\n\t\t\t\t<\/div>\n\t\t\t\t<div class=\"elementor-element elementor-element-431235a cmsmasters-block-default cmsmasters-sticky-default elementor-widget elementor-widget-cmsmasters-forminator\" data-id=\"431235a\" data-element_type=\"widget\" data-settings=\"{&quot;form_list&quot;:&quot;52&quot;}\" data-widget_type=\"cmsmasters-forminator.default\">\n\t\t\t\t<div class=\"elementor-widget-container\">\n\t\t\t\t\t<div class=\"elementor-widget-cmsmasters-contact-form__wrapper elementor-widget-cmsmasters-contact-form cmsmasters-default-color cmsmasters-default-font\" id=\"cmsmasters-widget-form-431235a\">\n\t\t\t<div class=\"elementor-widget-cmsmasters-contact-form__inner\"><div class=\"forminator-ui forminator-custom-form forminator-custom-form-52 forminator-design--default forminator-custom forminator_ajax\" data-forminator-render=\"0\" data-form=\"forminator-module-52\" data-uid=\"6a05a004c9b73\"><br\/><\/div><form\n\t\t\t\tid=\"forminator-module-52\"\n\t\t\t\tclass=\"forminator-ui forminator-custom-form forminator-custom-form-52 forminator-design--default forminator-custom forminator_ajax\"\n\t\t\t\tmethod=\"post\"\n\t\t\t\tdata-forminator-render=\"0\"\n\t\t\t\tdata-form-id=\"52\"\n\t\t\t\t\n\t\t\t\tdata-design=\"default\"\n\t\t\t\t\n\t\t\t\t\n\t\t\t\t\n\t\t\t\tdata-grid=\"custom\"\n\t\t\t\t\n\t\t\t\t\n\t\t\t\tstyle=\"display: none;\"\n\t\t\t\t\n\t\t\t\tdata-uid=\"6a05a004c9b73\"\n\t\t\t><div role=\"alert\" aria-live=\"polite\" class=\"forminator-response-message forminator-error\" aria-hidden=\"true\"><\/div><div class=\"forminator-row\"><div id=\"name-1\" class=\"forminator-field-name forminator-col forminator-col-6 \"><div class=\"forminator-field\"><label for=\"forminator-field-name-1_6a05a004c9b73\" id=\"forminator-field-name-1_6a05a004c9b73-label\" class=\"forminator-label\">Ihr Name und Nachname<\/label><input type=\"text\" name=\"name-1\" value=\"\" placeholder=\"\" id=\"forminator-field-name-1_6a05a004c9b73\" class=\"forminator-input forminator-name--field\" aria-required=\"false\" \/><\/div><\/div><div id=\"email-1\" class=\"forminator-field-email forminator-col forminator-col-6 \"><div class=\"forminator-field\"><label for=\"forminator-field-email-1_6a05a004c9b73\" id=\"forminator-field-email-1_6a05a004c9b73-label\" class=\"forminator-label\">E-Mail<\/label><input type=\"email\" name=\"email-1\" value=\"\" placeholder=\"\" id=\"forminator-field-email-1_6a05a004c9b73\" class=\"forminator-input forminator-email--field\" data-required=\"\" aria-required=\"false\" \/><\/div><\/div><\/div><div class=\"forminator-row\"><div id=\"textarea-1\" class=\"forminator-field-textarea forminator-col forminator-col-12 \"><div class=\"forminator-field\"><label for=\"forminator-field-textarea-1_6a05a004c9b73\" id=\"forminator-field-textarea-1_6a05a004c9b73-label\" class=\"forminator-label\">Ihre Nachricht<\/label><textarea name=\"textarea-1\" placeholder=\"\" id=\"forminator-field-textarea-1_6a05a004c9b73\" class=\"forminator-textarea\" rows=\"6\" style=\"min-height:140px;\" ><\/textarea><\/div><\/div><\/div><input type=\"hidden\" name=\"referer_url\" value=\"\" \/><div class=\"forminator-row forminator-row-last\"><div class=\"forminator-col\"><div class=\"forminator-field\"><button class=\"forminator-button forminator-button-submit\">Formular abschicken<\/button><\/div><\/div><\/div><input type=\"hidden\" id=\"forminator_nonce\" name=\"forminator_nonce\" value=\"1e98e3e2b1\" \/><input type=\"hidden\" name=\"_wp_http_referer\" value=\"\/gr\/wp-json\/wp\/v2\/pages\/29268\" \/><input type=\"hidden\" name=\"form_id\" value=\"52\"><input type=\"hidden\" name=\"page_id\" value=\"29268\"><input type=\"hidden\" name=\"form_type\" value=\"default\"><input type=\"hidden\" name=\"current_url\" value=\"https:\/\/drhakandemirel.com\/gr\/kontakt\/\"><input type=\"hidden\" name=\"render_id\" value=\"0\"><input type=\"hidden\" name=\"action\" value=\"forminator_submit_form_custom-forms\"><\/form><\/div>\n\t\t<\/div>\t\t\t\t<\/div>\n\t\t\t\t<\/div>\n\t\t\t\t<\/div>\n\t\t\t\t\t<\/div>\n\t\t\t\t<\/div>\n\t\t\t\t<\/div>\n\t\t","protected":false},"excerpt":{"rendered":"<p>OP. DR. HAKAN DEM\u0130REL \u0130leti\u015fime Ge\u00e7 Facharzt f\u00fcr \u00c4sthetische und Plastische Chirurgie Op. Dr. Informieren Sie sich jetzt mit der Erfahrung und Bewerbungserfahrung von Hakan Demirel. Unter den unten stehenden Kontaktdaten k\u00f6nnen Sie alle Fragen zu den Anwendungen stellen und Informationen und Termine erhalten. rANDEVU \u2502 0532 510 72 79 Kontakt Details Vielen Dank, dass&#8230;<\/p>\n","protected":false},"author":1,"featured_media":0,"parent":0,"menu_order":0,"comment_status":"closed","ping_status":"closed","template":"","meta":{"_acf_changed":false,"footnotes":""},"class_list":["post-29268","page","type-page","status-publish","hentry"],"acf":[],"_links":{"self":[{"href":"https:\/\/drhakandemirel.com\/gr\/wp-json\/wp\/v2\/pages\/29268","targetHints":{"allow":["GET"]}}],"collection":[{"href":"https:\/\/drhakandemirel.com\/gr\/wp-json\/wp\/v2\/pages"}],"about":[{"href":"https:\/\/drhakandemirel.com\/gr\/wp-json\/wp\/v2\/types\/page"}],"author":[{"embeddable":true,"href":"https:\/\/drhakandemirel.com\/gr\/wp-json\/wp\/v2\/users\/1"}],"replies":[{"embeddable":true,"href":"https:\/\/drhakandemirel.com\/gr\/wp-json\/wp\/v2\/comments?post=29268"}],"version-history":[{"count":36,"href":"https:\/\/drhakandemirel.com\/gr\/wp-json\/wp\/v2\/pages\/29268\/revisions"}],"predecessor-version":[{"id":33556,"href":"https:\/\/drhakandemirel.com\/gr\/wp-json\/wp\/v2\/pages\/29268\/revisions\/33556"}],"wp:attachment":[{"href":"https:\/\/drhakandemirel.com\/gr\/wp-json\/wp\/v2\/media?parent=29268"}],"curies":[{"name":"wp","href":"https:\/\/api.w.org\/{rel}","templated":true}]}}